{"id":121,"date":"2023-09-11T18:12:53","date_gmt":"2023-09-11T16:12:53","guid":{"rendered":"https:\/\/octobre-rose-negrepelisse.fr\/?page_id=121"},"modified":"2023-09-22T18:24:30","modified_gmt":"2023-09-22T16:24:30","slug":"mentions-legales-et-politique-de-confidentialite","status":"publish","type":"page","link":"https:\/\/octobre-rose-negrepelisse.fr\/index.php\/mentions-legales-et-politique-de-confidentialite\/","title":{"rendered":"Mentions l\u00e9gales et politique de confidentialit\u00e9"},"content":{"rendered":"\n<p><strong>Qui sommes-nous&nbsp;?<\/strong><\/p>\n\n\n\n<p>L\u2019adresse de notre site est&nbsp;: <a href=\"https:\/\/octobre-rose-negrepelisse.fr\">https:\/\/octobre-rose-negrepelisse.fr<\/a><\/p>\n\n\n\n<p><strong>Editeur :<\/strong> Mairie de N\u00e8grepelisse &#8211; Place de la mairie &#8211; 82800 N\u00e8grepelisse <\/p>\n\n\n\n<p><strong>Responsable de la publication :<\/strong> Elodie Combret, adjointe au maire en charge de la communication<\/p>\n\n\n\n<p><strong>H\u00e9bergement :<\/strong> OVH<\/p>\n\n\n\n<p><strong>R\u00e9alisation b\u00e9n\u00e9vole par :<\/strong> Elodie COMBRET<\/p>\n\n\n\n<p><strong>Propri\u00e9t\u00e9 intellectuelle :<\/strong><\/p>\n\n\n\n<p><strong>Cr\u00e9dits photographiques \/ Illustrations :<\/strong> Freepik ; Didier Benedetto &#8211; service communication de la ville de N\u00e8grepelisse<\/p>\n\n\n\n<p>En accord avec les lois nationales et internationales r\u00e9gissant le droit d\u2019auteur et la propri\u00e9t\u00e9 intellectuelle (ou autres droits similaires), l\u2019exploitation, l\u2019utilisation, la reproduction, la diffusion, la commercialisation, l\u2019extraction ou la modification de tout ou partie des \u00e9l\u00e9ments se trouvant dans ce site est strictement interdite. La ville de N\u00e8grepelisse ne c\u00e8de aucun droit de propri\u00e9t\u00e9 intellectuelle sur les documents et plus g\u00e9n\u00e9ralement sur le contenu de ce site, quelle qu\u2019en soit la forme.<\/p>\n\n\n\n<p><strong>Utilisation des donn\u00e9es personnelles collect\u00e9es<\/strong><\/p>\n\n\n\n<p>Soucieux de prot\u00e9ger la vie priv\u00e9e de ses usagers, la ville de N\u00e8grepelisse s\u2019engage dans la protection des donn\u00e9es personnelles.<\/p>\n\n\n\n<p>Cette information a pour objet de rappeler nos principes et nos actions visant au respect de la r\u00e9glementation applicable en mati\u00e8re de protection des donn\u00e9es \u00e0 caract\u00e8re personnel.<\/p>\n\n\n\n<p><strong>1- Principes en mati\u00e8re de traitement des donn\u00e9es personnelles<\/strong><\/p>\n\n\n\n<p>En application du R\u00e8glement (UE) 2016\/679 du 27 avril 2016 relatif \u00e0 la protection des personnes physiques \u00e0 l\u2019\u00e9gard des traitements de donn\u00e9es \u00e0 caract\u00e8re personnel, les traitements de vos donn\u00e9es personnelles effectu\u00e9s par la ville de N\u00e8grepelisse s\u2019appuient sur les principes fondamentaux suivants :<\/p>\n\n\n\n<p><strong>\u2713<\/strong><strong> Les traitements sont licites, loyaux et transparents&nbsp;;<\/strong><\/p>\n\n\n\n<p><strong>\u2713<\/strong><strong> Les finalit\u00e9s de chaque traitement sont d\u00e9termin\u00e9es, explicites et l\u00e9gitimes&nbsp;;<\/strong><\/p>\n\n\n\n<p><strong>\u2713<\/strong><strong> Les donn\u00e9es collect\u00e9es sont proportionnelles \u00e0 la finalit\u00e9 du traitement&nbsp;;<\/strong><\/p>\n\n\n\n<p><strong>\u2713<\/strong><strong> Les donn\u00e9es collect\u00e9es font l\u2019objet de mesures de s\u00e9curit\u00e9 organisationnelles et techniques.<\/strong><\/p>\n\n\n\n<p><strong><br>2- les types de supports<\/strong><\/p>\n\n\n\n<p><strong>Formulaires de contact<\/strong><\/p>\n\n\n\n<p>Au titre de la protection des donn\u00e9es lorsque vous remplissez une fiche contact, vous avez lu et acceptez notre politique de confidentialit\u00e9.<\/p>\n\n\n\n<p><strong>Cookies<\/strong><\/p>\n\n\n\n<p>Si vous d\u00e9posez un commentaire sur notre site, il vous sera propos\u00e9 d\u2019enregistrer votre nom, adresse de messagerie et site web dans des cookies. C\u2019est uniquement pour votre confort afin de ne pas avoir \u00e0 saisir ces informations si vous d\u00e9posez un autre commentaire plus tard. Ces cookies expirent au bout d\u2019un an.<\/p>\n\n\n\n<p>Si vous avez un compte et que vous vous connectez sur ce site, un cookie temporaire sera cr\u00e9\u00e9 afin de d\u00e9terminer si votre navigateur accepte les cookies. Il ne contient pas de donn\u00e9es personnelles et sera supprim\u00e9 automatiquement \u00e0 la fermeture de votre navigateur.<\/p>\n\n\n\n<p>Lorsque vous vous connecterez, nous mettrons en place un certain nombre de cookies pour enregistrer vos informations de connexion et vos pr\u00e9f\u00e9rences d\u2019\u00e9cran. La dur\u00e9e de vie d\u2019un cookie de connexion est de deux jours, celle d\u2019un cookie d\u2019option d\u2019\u00e9cran est d\u2019un an. Si vous cochez \u00ab&nbsp;Se souvenir de moi&nbsp;\u00bb, votre cookie de connexion sera conserv\u00e9 pendant deux semaines. Si vous vous d\u00e9connectez de votre compte, le cookie de connexion sera effac\u00e9.<\/p>\n\n\n\n<p>En modifiant ou en publiant une publication, un cookie suppl\u00e9mentaire sera enregistr\u00e9 dans votre navigateur. Ce cookie ne comprend aucune donn\u00e9e personnelle. Il indique simplement l\u2019ID de la publication que vous venez de modifier. Il expire au bout d\u2019un jour.<\/p>\n\n\n\n<p><strong>Contenu embarqu\u00e9 depuis d\u2019autres sites<\/strong><\/p>\n\n\n\n<p>Les articles de ce site peuvent inclure des contenus int\u00e9gr\u00e9s (par exemple des vid\u00e9os, images, articles\u2026). Le contenu int\u00e9gr\u00e9 depuis d\u2019autres sites se comporte de la m\u00eame mani\u00e8re que si le visiteur se rendait sur cet autre site.<\/p>\n\n\n\n<p>Ces sites web pourraient collecter des donn\u00e9es sur vous, utiliser des cookies, embarquer des outils de suivis tiers, suivre vos interactions avec ces contenus embarqu\u00e9s si vous disposez d\u2019un compte connect\u00e9 sur leur site web.<\/p>\n\n\n\n<p><\/p>\n\n\n\n<p><strong>3 \u2013 Traitement des donn\u00e9es<\/strong><\/p>\n\n\n\n<p><strong>Les droits que vous avez sur vos donn\u00e9es<\/strong><br>Conform\u00e9ment \u00e0 la loi \u00ab informatique et libert\u00e9s \u00bb du 06 Janvier 1978 modifi\u00e9e, vous disposez d\u2019un droit d\u2019acc\u00e8s et de rectification aux informations qui vous concernent. Vous pouvez \u00e9galement, pour des motifs l\u00e9gitimes, vous opposer au traitement des donn\u00e9es vous concernant.<\/p>\n\n\n\n<p>Si vous avez un compte ou si vous avez laiss\u00e9 des commentaires sur le site, vous pouvez demander \u00e0 recevoir un fichier contenant toutes les donn\u00e9es personnelles que nous poss\u00e9dons \u00e0 votre sujet, incluant celles que vous nous avez fournies. Vous pouvez \u00e9galement demander la suppression des donn\u00e9es personnelles vous concernant. Cela ne prend pas en compte les donn\u00e9es stock\u00e9es \u00e0 des fins administratives, l\u00e9gales ou pour des raisons de s\u00e9curit\u00e9.<\/p>\n\n\n\n<p>Les personnes concern\u00e9es peuvent \u00e0 tout moment demander \u00e0 ne plus recevoir les communications relatives \u00e0 nos actualit\u00e9s par email : d.benedetto@ville-negrepelisse.fr<\/p>\n\n\n\n<p><strong>Transmission de vos donn\u00e9es personnelles<\/strong><br>En aucun cas, nous ne vendons, ni ne louons, ou ne communiquons vos informations personnelles, y compris votre adresse email, \u00e0 des tiers.<\/p>\n\n\n\n<p><strong>Utilisation des donn\u00e9es personnelles collect\u00e9es<br><\/strong><br><strong>\u2713<\/strong> <strong>Formulaire d&rsquo;inscription<\/strong><br>Les informations recueillies \u00e0 partir du formulaire font potentiellement l\u2019objet d\u2019un traitement informatique destin\u00e9 \u00e0 la Mairie de N\u00e8grepelisse pour assurer le suivi de l\u2019ex\u00e9cution de votre demande. Ces informations sont enregistr\u00e9es et sauvegard\u00e9es dans un fichier informatique et sont n\u00e9cessaire \u00e0 la gestion de notre d\u00e9marche \u00e9v\u00e9nementielle et solidaire.<br>Les donn\u00e9es personnelles collect\u00e9es et trait\u00e9es sont le nom, le pr\u00e9nom, l\u2019adresse email, le num\u00e9ro de t\u00e9l\u00e9phone et toute autre information communiqu\u00e9e spontan\u00e9ment par la personne, si son contenu est pertinent et proportionnel au regard de la finalit\u00e9 du traitement.<\/p>\n\n\n\n<p><strong>4 \u2013 Dur\u00e9es de stockage de vos donn\u00e9es<\/strong><\/p>\n\n\n\n<p><strong>Concernant le site&nbsp;:<\/strong><\/p>\n\n\n\n<p>Pour les utilisateurs et utilisatrices qui s\u2019enregistrent sur notre site (si cela est possible), nous stockons \u00e9galement les donn\u00e9es personnelles indiqu\u00e9es dans leur profil. Tous les utilisateurs et utilisatrices peuvent voir, modifier ou supprimer leurs informations personnelles \u00e0 tout moment (\u00e0 l\u2019exception de leur nom d\u2019utilisateur\u00b7ice). Les gestionnaires du site peuvent aussi voir et modifier ces informations.<\/p>\n","protected":false},"excerpt":{"rendered":"<p>Qui sommes-nous&nbsp;? L\u2019adresse de notre site est&nbsp;: https:\/\/octobre-rose-negrepelisse.fr Editeur : Mairie de N\u00e8grepelisse &#8211; Place de la mairie &#8211; 82800 N\u00e8grepelisse Responsable de la publication : Elodie Combret, adjointe au maire en charge de la communication H\u00e9bergement : OVH R\u00e9alisation b\u00e9n\u00e9vole par : Elodie COMBRET Propri\u00e9t\u00e9 intellectuelle : Cr\u00e9dits photographiques \/ Illustrations : Freepik ; &hellip;<\/p>\n<p class=\"read-more\"> <a class=\"\" href=\"https:\/\/octobre-rose-negrepelisse.fr\/index.php\/mentions-legales-et-politique-de-confidentialite\/\"> <span class=\"screen-reader-text\">Mentions l\u00e9gales et politique de confidentialit\u00e9<\/span> Lire la suite\u00a0\u00bb<\/a><\/p>\n","protected":false},"author":1,"featured_media":0,"parent":0,"menu_order":0,"comment_status":"closed","ping_status":"closed","template":"","meta":{"_monsterinsights_skip_tracking":false,"_monsterinsights_sitenote_active":false,"_monsterinsights_sitenote_note":"","_monsterinsights_sitenote_category":0,"site-sidebar-layout":"default","site-content-layout":"","ast-site-content-layout":"","site-content-style":"default","site-sidebar-style":"default","ast-global-header-display":"","ast-banner-title-visibility":"","ast-main-header-display":"","ast-hfb-above-header-display":"","ast-hfb-below-header-display":"","ast-hfb-mobile-header-display":"","site-post-title":"","ast-breadcrumbs-content":"","ast-featured-img":"","footer-sml-layout":"","theme-transparent-header-meta":"","adv-header-id-meta":"","stick-header-meta":"","header-above-stick-meta":"","header-main-stick-meta":"","header-below-stick-meta":"","astra-migrate-meta-layouts":"","_themeisle_gutenberg_block_has_review":false,"footnotes":""},"class_list":["post-121","page","type-page","status-publish","hentry"],"yoast_head":"<!-- This site is optimized with the Yoast SEO plugin v25.8 - https:\/\/yoast.com\/wordpress\/plugins\/seo\/ -->\n<title>Mentions l\u00e9gales et politique de confidentialit\u00e9 - Octobre Rose - Un temps pour elles - \u00e0 N\u00e8grepelisse<\/title>\n<meta name=\"robots\" content=\"index, follow, max-snippet:-1, max-image-preview:large, max-video-preview:-1\" \/>\n<link rel=\"canonical\" href=\"https:\/\/octobre-rose-negrepelisse.fr\/index.php\/mentions-legales-et-politique-de-confidentialite\/\" \/>\n<meta property=\"og:locale\" content=\"fr_FR\" \/>\n<meta property=\"og:type\" content=\"article\" \/>\n<meta property=\"og:title\" content=\"Mentions l\u00e9gales et politique de confidentialit\u00e9 - Octobre Rose - Un temps pour elles - \u00e0 N\u00e8grepelisse\" \/>\n<meta property=\"og:description\" content=\"Qui sommes-nous&nbsp;? L\u2019adresse de notre site est&nbsp;: https:\/\/octobre-rose-negrepelisse.fr Editeur : Mairie de N\u00e8grepelisse &#8211; Place de la mairie &#8211; 82800 N\u00e8grepelisse Responsable de la publication : Elodie Combret, adjointe au maire en charge de la communication H\u00e9bergement : OVH R\u00e9alisation b\u00e9n\u00e9vole par : Elodie COMBRET Propri\u00e9t\u00e9 intellectuelle : Cr\u00e9dits photographiques \/ Illustrations : Freepik ; &hellip; Mentions l\u00e9gales et politique de confidentialit\u00e9 Lire la suite\u00a0\u00bb\" \/>\n<meta property=\"og:url\" content=\"https:\/\/octobre-rose-negrepelisse.fr\/index.php\/mentions-legales-et-politique-de-confidentialite\/\" \/>\n<meta property=\"og:site_name\" content=\"Octobre Rose - Un temps pour elles - \u00e0 N\u00e8grepelisse\" \/>\n<meta property=\"article:modified_time\" content=\"2023-09-22T16:24:30+00:00\" \/>\n<meta name=\"twitter:card\" content=\"summary_large_image\" \/>\n<meta name=\"twitter:label1\" content=\"Dur\u00e9e de lecture estim\u00e9e\" \/>\n\t<meta name=\"twitter:data1\" content=\"5 minutes\" \/>\n<script type=\"application\/ld+json\" class=\"yoast-schema-graph\">{\"@context\":\"https:\/\/schema.org\",\"@graph\":[{\"@type\":\"WebPage\",\"@id\":\"https:\/\/octobre-rose-negrepelisse.fr\/index.php\/mentions-legales-et-politique-de-confidentialite\/\",\"url\":\"https:\/\/octobre-rose-negrepelisse.fr\/index.php\/mentions-legales-et-politique-de-confidentialite\/\",\"name\":\"Mentions l\u00e9gales et politique de confidentialit\u00e9 - Octobre Rose - Un temps pour elles - \u00e0 N\u00e8grepelisse\",\"isPartOf\":{\"@id\":\"https:\/\/octobre-rose-negrepelisse.fr\/#website\"},\"datePublished\":\"2023-09-11T16:12:53+00:00\",\"dateModified\":\"2023-09-22T16:24:30+00:00\",\"breadcrumb\":{\"@id\":\"https:\/\/octobre-rose-negrepelisse.fr\/index.php\/mentions-legales-et-politique-de-confidentialite\/#breadcrumb\"},\"inLanguage\":\"fr-FR\",\"potentialAction\":[{\"@type\":\"ReadAction\",\"target\":[\"https:\/\/octobre-rose-negrepelisse.fr\/index.php\/mentions-legales-et-politique-de-confidentialite\/\"]}]},{\"@type\":\"BreadcrumbList\",\"@id\":\"https:\/\/octobre-rose-negrepelisse.fr\/index.php\/mentions-legales-et-politique-de-confidentialite\/#breadcrumb\",\"itemListElement\":[{\"@type\":\"ListItem\",\"position\":1,\"name\":\"Accueil\",\"item\":\"https:\/\/octobre-rose-negrepelisse.fr\/\"},{\"@type\":\"ListItem\",\"position\":2,\"name\":\"Mentions l\u00e9gales et politique de confidentialit\u00e9\"}]},{\"@type\":\"WebSite\",\"@id\":\"https:\/\/octobre-rose-negrepelisse.fr\/#website\",\"url\":\"https:\/\/octobre-rose-negrepelisse.fr\/\",\"name\":\"Octobre Rose - Un temps pour elles - \u00e0 N\u00e8grepelisse\",\"description\":\"2 \u00e9v\u00e9nements solidaires en Tarn-et-Garonne\",\"publisher\":{\"@id\":\"https:\/\/octobre-rose-negrepelisse.fr\/#organization\"},\"potentialAction\":[{\"@type\":\"SearchAction\",\"target\":{\"@type\":\"EntryPoint\",\"urlTemplate\":\"https:\/\/octobre-rose-negrepelisse.fr\/?s={search_term_string}\"},\"query-input\":{\"@type\":\"PropertyValueSpecification\",\"valueRequired\":true,\"valueName\":\"search_term_string\"}}],\"inLanguage\":\"fr-FR\"},{\"@type\":\"Organization\",\"@id\":\"https:\/\/octobre-rose-negrepelisse.fr\/#organization\",\"name\":\"Octobre Rose - Un temps pour elles - \u00e0 N\u00e8grepelisse\",\"url\":\"https:\/\/octobre-rose-negrepelisse.fr\/\",\"logo\":{\"@type\":\"ImageObject\",\"inLanguage\":\"fr-FR\",\"@id\":\"https:\/\/octobre-rose-negrepelisse.fr\/#\/schema\/logo\/image\/\",\"url\":\"https:\/\/octobre-rose-negrepelisse.fr\/wp-content\/uploads\/2023\/09\/cropped-logo-ville-de-negrepelisse-1.png\",\"contentUrl\":\"https:\/\/octobre-rose-negrepelisse.fr\/wp-content\/uploads\/2023\/09\/cropped-logo-ville-de-negrepelisse-1.png\",\"width\":529,\"height\":185,\"caption\":\"Octobre Rose - Un temps pour elles - \u00e0 N\u00e8grepelisse\"},\"image\":{\"@id\":\"https:\/\/octobre-rose-negrepelisse.fr\/#\/schema\/logo\/image\/\"}}]}<\/script>\n<!-- \/ Yoast SEO plugin. -->","yoast_head_json":{"title":"Mentions l\u00e9gales et politique de confidentialit\u00e9 - Octobre Rose - Un temps pour elles - \u00e0 N\u00e8grepelisse","robots":{"index":"index","follow":"follow","max-snippet":"max-snippet:-1","max-image-preview":"max-image-preview:large","max-video-preview":"max-video-preview:-1"},"canonical":"https:\/\/octobre-rose-negrepelisse.fr\/index.php\/mentions-legales-et-politique-de-confidentialite\/","og_locale":"fr_FR","og_type":"article","og_title":"Mentions l\u00e9gales et politique de confidentialit\u00e9 - Octobre Rose - Un temps pour elles - \u00e0 N\u00e8grepelisse","og_description":"Qui sommes-nous&nbsp;? L\u2019adresse de notre site est&nbsp;: https:\/\/octobre-rose-negrepelisse.fr Editeur : Mairie de N\u00e8grepelisse &#8211; Place de la mairie &#8211; 82800 N\u00e8grepelisse Responsable de la publication : Elodie Combret, adjointe au maire en charge de la communication H\u00e9bergement : OVH R\u00e9alisation b\u00e9n\u00e9vole par : Elodie COMBRET Propri\u00e9t\u00e9 intellectuelle : Cr\u00e9dits photographiques \/ Illustrations : Freepik ; &hellip; Mentions l\u00e9gales et politique de confidentialit\u00e9 Lire la suite\u00a0\u00bb","og_url":"https:\/\/octobre-rose-negrepelisse.fr\/index.php\/mentions-legales-et-politique-de-confidentialite\/","og_site_name":"Octobre Rose - Un temps pour elles - \u00e0 N\u00e8grepelisse","article_modified_time":"2023-09-22T16:24:30+00:00","twitter_card":"summary_large_image","twitter_misc":{"Dur\u00e9e de lecture estim\u00e9e":"5 minutes"},"schema":{"@context":"https:\/\/schema.org","@graph":[{"@type":"WebPage","@id":"https:\/\/octobre-rose-negrepelisse.fr\/index.php\/mentions-legales-et-politique-de-confidentialite\/","url":"https:\/\/octobre-rose-negrepelisse.fr\/index.php\/mentions-legales-et-politique-de-confidentialite\/","name":"Mentions l\u00e9gales et politique de confidentialit\u00e9 - Octobre Rose - Un temps pour elles - \u00e0 N\u00e8grepelisse","isPartOf":{"@id":"https:\/\/octobre-rose-negrepelisse.fr\/#website"},"datePublished":"2023-09-11T16:12:53+00:00","dateModified":"2023-09-22T16:24:30+00:00","breadcrumb":{"@id":"https:\/\/octobre-rose-negrepelisse.fr\/index.php\/mentions-legales-et-politique-de-confidentialite\/#breadcrumb"},"inLanguage":"fr-FR","potentialAction":[{"@type":"ReadAction","target":["https:\/\/octobre-rose-negrepelisse.fr\/index.php\/mentions-legales-et-politique-de-confidentialite\/"]}]},{"@type":"BreadcrumbList","@id":"https:\/\/octobre-rose-negrepelisse.fr\/index.php\/mentions-legales-et-politique-de-confidentialite\/#breadcrumb","itemListElement":[{"@type":"ListItem","position":1,"name":"Accueil","item":"https:\/\/octobre-rose-negrepelisse.fr\/"},{"@type":"ListItem","position":2,"name":"Mentions l\u00e9gales et politique de confidentialit\u00e9"}]},{"@type":"WebSite","@id":"https:\/\/octobre-rose-negrepelisse.fr\/#website","url":"https:\/\/octobre-rose-negrepelisse.fr\/","name":"Octobre Rose - Un temps pour elles - \u00e0 N\u00e8grepelisse","description":"2 \u00e9v\u00e9nements solidaires en Tarn-et-Garonne","publisher":{"@id":"https:\/\/octobre-rose-negrepelisse.fr\/#organization"},"potentialAction":[{"@type":"SearchAction","target":{"@type":"EntryPoint","urlTemplate":"https:\/\/octobre-rose-negrepelisse.fr\/?s={search_term_string}"},"query-input":{"@type":"PropertyValueSpecification","valueRequired":true,"valueName":"search_term_string"}}],"inLanguage":"fr-FR"},{"@type":"Organization","@id":"https:\/\/octobre-rose-negrepelisse.fr\/#organization","name":"Octobre Rose - Un temps pour elles - \u00e0 N\u00e8grepelisse","url":"https:\/\/octobre-rose-negrepelisse.fr\/","logo":{"@type":"ImageObject","inLanguage":"fr-FR","@id":"https:\/\/octobre-rose-negrepelisse.fr\/#\/schema\/logo\/image\/","url":"https:\/\/octobre-rose-negrepelisse.fr\/wp-content\/uploads\/2023\/09\/cropped-logo-ville-de-negrepelisse-1.png","contentUrl":"https:\/\/octobre-rose-negrepelisse.fr\/wp-content\/uploads\/2023\/09\/cropped-logo-ville-de-negrepelisse-1.png","width":529,"height":185,"caption":"Octobre Rose - Un temps pour elles - \u00e0 N\u00e8grepelisse"},"image":{"@id":"https:\/\/octobre-rose-negrepelisse.fr\/#\/schema\/logo\/image\/"}}]}},"_links":{"self":[{"href":"https:\/\/octobre-rose-negrepelisse.fr\/index.php\/wp-json\/wp\/v2\/pages\/121","targetHints":{"allow":["GET"]}}],"collection":[{"href":"https:\/\/octobre-rose-negrepelisse.fr\/index.php\/wp-json\/wp\/v2\/pages"}],"about":[{"href":"https:\/\/octobre-rose-negrepelisse.fr\/index.php\/wp-json\/wp\/v2\/types\/page"}],"author":[{"embeddable":true,"href":"https:\/\/octobre-rose-negrepelisse.fr\/index.php\/wp-json\/wp\/v2\/users\/1"}],"replies":[{"embeddable":true,"href":"https:\/\/octobre-rose-negrepelisse.fr\/index.php\/wp-json\/wp\/v2\/comments?post=121"}],"version-history":[{"count":4,"href":"https:\/\/octobre-rose-negrepelisse.fr\/index.php\/wp-json\/wp\/v2\/pages\/121\/revisions"}],"predecessor-version":[{"id":275,"href":"https:\/\/octobre-rose-negrepelisse.fr\/index.php\/wp-json\/wp\/v2\/pages\/121\/revisions\/275"}],"wp:attachment":[{"href":"https:\/\/octobre-rose-negrepelisse.fr\/index.php\/wp-json\/wp\/v2\/media?parent=121"}],"curies":[{"name":"wp","href":"https:\/\/api.w.org\/{rel}","templated":true}]}}